{"id":2687,"date":"2026-02-08T18:43:18","date_gmt":"2026-02-08T17:43:18","guid":{"rendered":"https:\/\/www.hinnenhof.ch\/?page_id=2687"},"modified":"2026-02-08T21:03:39","modified_gmt":"2026-02-08T20:03:39","slug":"impressum","status":"publish","type":"page","link":"https:\/\/www.hinnenhof.ch\/index.php\/impressum\/","title":{"rendered":"Impressum"},"content":{"rendered":"\t\t<div data-elementor-type=\"wp-page\" data-elementor-id=\"2687\" class=\"elementor elementor-2687\" data-elementor-post-type=\"page\">\n\t\t\t\t\t\t<section class=\"elementor-section elementor-top-section elementor-element elementor-element-751626d elementor-section-boxed elementor-section-height-default elementor-section-height-default\" data-id=\"751626d\" data-element_type=\"section\" data-e-type=\"section\">\n\t\t\t\t\t\t<div class=\"elementor-container elementor-column-gap-default\">\n\t\t\t\t\t<div class=\"elementor-column elementor-col-100 elementor-top-column elementor-element elementor-element-9fd590a\" data-id=\"9fd590a\" data-element_type=\"column\" data-e-type=\"column\">\n\t\t\t<div class=\"elementor-widget-wrap elementor-element-populated\">\n\t\t\t\t\t\t<div class=\"elementor-element elementor-element-8fcd8a6 elementor-widget elementor-widget-text-editor\" data-id=\"8fcd8a6\" data-element_type=\"widget\" data-e-type=\"widget\" data-widget_type=\"text-editor.default\">\n\t\t\t\t<div class=\"elementor-widget-container\">\n\t\t\t\t\t\t\t\t\t<div class=\"elementor-element elementor-element-00f1fcb e-flex e-con-boxed e-con e-parent e-lazyloaded\" data-id=\"00f1fcb\" data-element_type=\"container\" data-e-type=\"container\" data-settings=\"{&quot;background_background&quot;:&quot;classic&quot;}\"><div class=\"e-con-inner\"><div class=\"elementor-element elementor-element-f63fd97 elementor-widget__width-initial elementor-hidden-tablet elementor-hidden-mobile elementor-widget elementor-widget-heading\" data-id=\"f63fd97\" data-element_type=\"widget\" data-e-type=\"widget\" data-widget_type=\"heading.default\"><div class=\"elementor-widget-container\"><h2 class=\"elementor-heading-title elementor-size-default\">Impressum<\/h2><\/div><\/div><\/div><\/div><div class=\"elementor-element elementor-element-4ed0c1a elementor-hidden-tablet elementor-hidden-mobile e-flex e-con-boxed e-con e-parent e-lazyloaded\" data-id=\"4ed0c1a\" data-element_type=\"container\" data-e-type=\"container\" data-settings=\"{&quot;background_background&quot;:&quot;classic&quot;}\"><div class=\"e-con-inner\"><div class=\"elementor-element elementor-element-a0bf928 elementor-widget elementor-widget-heading\" data-id=\"a0bf928\" data-element_type=\"widget\" data-e-type=\"widget\" data-widget_type=\"heading.default\"><div class=\"elementor-widget-container\"><h2 class=\"elementor-heading-title elementor-size-default\">Verantwortlich f\u00fcr den Inhalt der Seiten<\/h2><\/div><\/div><div class=\"elementor-element elementor-element-a477b5d elementor-widget elementor-widget-spacer\" data-id=\"a477b5d\" data-element_type=\"widget\" data-e-type=\"widget\" data-widget_type=\"spacer.default\"><div class=\"elementor-widget-container\"><div class=\"elementor-spacer\"><div class=\"elementor-spacer-inner\">\u00a0<\/div><\/div><\/div><\/div><div class=\"elementor-element elementor-element-b97a59c elementor-widget elementor-widget-text-editor\" data-id=\"b97a59c\" data-element_type=\"widget\" data-e-type=\"widget\" data-widget_type=\"text-editor.default\"><div class=\"elementor-widget-container\"><p>Hinnenhof<\/p><p>Corinna &amp; Pirmin Hinnen<\/p><p>Kratzstrasse 9<\/p><p>8153 R\u00fcmlang<\/p><\/div><\/div><div class=\"elementor-element elementor-element-fb9d620 elementor-widget elementor-widget-spacer\" data-id=\"fb9d620\" data-element_type=\"widget\" data-e-type=\"widget\" data-widget_type=\"spacer.default\"><div class=\"elementor-widget-container\"><div class=\"elementor-spacer\"><div class=\"elementor-spacer-inner\">\u00a0<\/div><\/div><\/div><\/div><div class=\"elementor-element elementor-element-9a22ace elementor-widget elementor-widget-heading\" data-id=\"9a22ace\" data-element_type=\"widget\" data-e-type=\"widget\" data-widget_type=\"heading.default\"><div class=\"elementor-widget-container\"><h2 class=\"elementor-heading-title elementor-size-default\">Webdesign<\/h2><\/div><\/div><div class=\"elementor-element elementor-element-5e93f73 elementor-widget elementor-widget-spacer\" data-id=\"5e93f73\" data-element_type=\"widget\" data-e-type=\"widget\" data-widget_type=\"spacer.default\"><div class=\"elementor-widget-container\"><div class=\"elementor-spacer\"><div class=\"elementor-spacer-inner\">\u00a0<\/div><\/div><\/div><\/div><div class=\"elementor-element elementor-element-8cdc5dc elementor-widget elementor-widget-text-editor\" data-id=\"8cdc5dc\" data-element_type=\"widget\" data-e-type=\"widget\" data-widget_type=\"text-editor.default\"><div class=\"elementor-widget-container\"><p>Diese Webseite wurde von <a href=\"https:\/\/www.foto-baeumli.ch\/\">Foto B\u00e4umli GmbH<\/a> gestaltet.\u00a0<\/p><\/div><\/div><div class=\"elementor-element elementor-element-27533e8 elementor-widget elementor-widget-spacer\" data-id=\"27533e8\" data-element_type=\"widget\" data-e-type=\"widget\" data-widget_type=\"spacer.default\"><div class=\"elementor-widget-container\"><div class=\"elementor-spacer\"><div class=\"elementor-spacer-inner\">\u00a0<\/div><\/div><\/div><\/div><div class=\"elementor-element elementor-element-10edfa9 elementor-widget elementor-widget-heading\" data-id=\"10edfa9\" data-element_type=\"widget\" data-e-type=\"widget\" data-widget_type=\"heading.default\"><div class=\"elementor-widget-container\"><h2 class=\"elementor-heading-title elementor-size-default\">Copyright<\/h2><\/div><\/div><div class=\"elementor-element elementor-element-9eddc99 elementor-widget elementor-widget-spacer\" data-id=\"9eddc99\" data-element_type=\"widget\" data-e-type=\"widget\" data-widget_type=\"spacer.default\"><div class=\"elementor-widget-container\"><div class=\"elementor-spacer\"><div class=\"elementor-spacer-inner\">\u00a0<\/div><\/div><\/div><\/div><div class=\"elementor-element elementor-element-adab65f elementor-widget elementor-widget-text-editor\" data-id=\"adab65f\" data-element_type=\"widget\" data-e-type=\"widget\" data-widget_type=\"text-editor.default\"><div class=\"elementor-widget-container\"><p>Das Copyright f\u00fcr s\u00e4mtliche Inhalte dieser Website liegt bei Hinnenhof.<\/p><\/div><\/div><div class=\"elementor-element elementor-element-03ca2b9 elementor-widget elementor-widget-spacer\" data-id=\"03ca2b9\" data-element_type=\"widget\" data-e-type=\"widget\" data-widget_type=\"spacer.default\"><div class=\"elementor-widget-container\"><div class=\"elementor-spacer\"><div class=\"elementor-spacer-inner\">\u00a0<\/div><\/div><\/div><\/div><div class=\"elementor-element elementor-element-e75cd70 elementor-widget elementor-widget-heading\" data-id=\"e75cd70\" data-element_type=\"widget\" data-e-type=\"widget\" data-widget_type=\"heading.default\"><div class=\"elementor-widget-container\"><h2 class=\"elementor-heading-title elementor-size-default\">Disclaimer<\/h2><\/div><\/div><div class=\"elementor-element elementor-element-e27f008 elementor-widget elementor-widget-spacer\" data-id=\"e27f008\" data-element_type=\"widget\" data-e-type=\"widget\" data-widget_type=\"spacer.default\"><div class=\"elementor-widget-container\"><div class=\"elementor-spacer\"><div class=\"elementor-spacer-inner\">\u00a0<\/div><\/div><\/div><\/div><div class=\"elementor-element elementor-element-1a75b82 elementor-widget elementor-widget-text-editor\" data-id=\"1a75b82\" data-element_type=\"widget\" data-e-type=\"widget\" data-widget_type=\"text-editor.default\"><div class=\"elementor-widget-container\"><p>Alle Texte und Links wurden sorgf\u00e4ltig gepr\u00fcft und werden laufend aktualisiert. Ich bin bem\u00fcht, richtige und vollst\u00e4ndige Informationen auf dieser Website bereitzustellen, \u00fcbernehmen aber keinerlei Verantwortung, Garantien oder Haftung daf\u00fcr, dass die durch diese Website bereitgestellten Informationen, einschliesslich jeglicher Datenbankeintr\u00e4ge, richtig, vollst\u00e4ndig oder aktuell sind. Ich behalte mir das Recht vor, jederzeit und ohne Vorank\u00fcndigung die Informationen auf dieser Website zu \u00e4ndern und verpflichte mich auch nicht, die enthaltenen Informationen zu aktualisieren. Alle Links zu externen Anbietern wurden zum Zeitpunkt ihrer Aufnahme auf ihre Richtigkeit \u00fcberpr\u00fcft. Dennoch hafte ich nicht f\u00fcr Inhalte und Verf\u00fcgbarkeit von Websites, die mittels Hyperlinks zu erreichen sind. F\u00fcr illegale, fehlerhafte oder unvollst\u00e4ndige Inhalte und insbesondere f\u00fcr Sch\u00e4den, die durch die ungepr\u00fcfte Nutzung von Inhalten verkn\u00fcpfter Seiten entstehen, haftet allein der Anbieter der Seite, auf welche verwiesen wurde. Dabei ist es gleichg\u00fcltig, ob der Schaden direkter, indirekter oder finanzieller Natur ist oder ein sonstiger Schaden vorliegt, der sich aus Datenverlust, Nutzungsausfall oder anderen Gr\u00fcnden aller Art ergeben k\u00f6nnte.<\/p><\/div><\/div><\/div><\/div>\t\t\t\t\t\t\t\t<\/div>\n\t\t\t\t<\/div>\n\t\t\t\t\t<\/div>\n\t\t<\/div>\n\t\t\t\t\t<\/div>\n\t\t<\/section>\n\t\t\t\t<section class=\"elementor-section elementor-top-section elementor-element elementor-element-0cf1b50 elementor-hidden-desktop elementor-section-boxed elementor-section-height-default elementor-section-height-default\" data-id=\"0cf1b50\" data-element_type=\"section\" data-e-type=\"section\">\n\t\t\t\t\t\t<div class=\"elementor-container elementor-column-gap-default\">\n\t\t\t\t\t<div class=\"elementor-column elementor-col-100 elementor-top-column elementor-element elementor-element-61c1c75\" data-id=\"61c1c75\" data-element_type=\"column\" data-e-type=\"column\">\n\t\t\t<div class=\"elementor-widget-wrap elementor-element-populated\">\n\t\t\t\t\t\t<div class=\"elementor-element elementor-element-1e898af elementor-widget elementor-widget-text-editor\" data-id=\"1e898af\" data-element_type=\"widget\" data-e-type=\"widget\" data-widget_type=\"text-editor.default\">\n\t\t\t\t<div class=\"elementor-widget-container\">\n\t\t\t\t\t\t\t\t\t<h3><strong>Impressum<\/strong><\/h3><p><strong>Verantwortlich f\u00fcr den Inhalt der Seiten<\/strong><\/p><p>Hinnenhof\u00a0<\/p><p>Corinna &amp; Pirmin Hinnen<\/p><p>Kratzstrasse 9<\/p><p>8153 R\u00fcmlang<\/p><p>\u00a0<\/p><p><strong>Webdesign<\/strong><\/p><p>Diese Webseite wurde von <a href=\"https:\/\/www.foto-baeumli.ch\/\">Foto B\u00e4umli GmbH<\/a> gestaltet.\u00a0<\/p><p>\u00a0<\/p><p><strong>Copyright<\/strong><\/p><p>Das Copyright f\u00fcr s\u00e4mtliche Inhalte dieser Website liegt bei Hinnenhof.<\/p><p>\u00a0<\/p><p><strong>Disclaimer<\/strong><\/p><p>Alle Texte und Links wurden sorgf\u00e4ltig gepr\u00fcft und werden laufend aktualisiert. Ich bin bem\u00fcht, richtige und vollst\u00e4ndige Informationen auf dieser Website bereitzustellen, \u00fcbernehmen aber keinerlei Verantwortung, Garantien oder Haftung daf\u00fcr, dass die durch diese Website bereitgestellten Informationen, einschliesslich jeglicher Datenbankeintr\u00e4ge, richtig, vollst\u00e4ndig oder aktuell sind. Ich behalte mir das Recht vor, jederzeit und ohne Vorank\u00fcndigung die Informationen auf dieser Website zu \u00e4ndern und verpflichte mich auch nicht, die enthaltenen Informationen zu aktualisieren. Alle Links zu externen Anbietern wurden zum Zeitpunkt ihrer Aufnahme auf ihre Richtigkeit \u00fcberpr\u00fcft. Dennoch hafte ich nicht f\u00fcr Inhalte und Verf\u00fcgbarkeit von Websites, die mittels Hyperlinks zu erreichen sind. F\u00fcr illegale, fehlerhafte oder unvollst\u00e4ndige Inhalte und insbesondere f\u00fcr Sch\u00e4den, die durch die ungepr\u00fcfte Nutzung von Inhalten verkn\u00fcpfter Seiten entstehen, haftet allein der Anbieter der Seite, auf welche verwiesen wurde. Dabei ist es gleichg\u00fcltig, ob der Schaden direkter, indirekter oder finanzieller Natur ist oder ein sonstiger Schaden vorliegt, der sich aus Datenverlust, Nutzungsausfall oder anderen Gr\u00fcnden aller Art ergeben k\u00f6nnte.<\/p>\t\t\t\t\t\t\t\t<\/div>\n\t\t\t\t<\/div>\n\t\t\t\t\t<\/div>\n\t\t<\/div>\n\t\t\t\t\t<\/div>\n\t\t<\/section>\n\t\t\t\t<\/div>\n\t\t","protected":false},"excerpt":{"rendered":"<p>Impressum Verantwortlich f\u00fcr den Inhalt der Seiten \u00a0 Hinnenhof Corinna &amp; Pirmin Hinnen Kratzstrasse 9 8153 R\u00fcmlang \u00a0 Webdesign \u00a0 Diese Webseite wurde von Foto B\u00e4umli GmbH gestaltet.\u00a0 \u00a0 Copyright \u00a0 Das Copyright f\u00fcr s\u00e4mtliche Inhalte dieser Website liegt bei Hinnenhof. \u00a0 Disclaimer \u00a0 Alle Texte und Links wurden sorgf\u00e4ltig gepr\u00fcft und werden laufend aktualisiert. [&hellip;]<\/p>\n","protected":false},"author":1,"featured_media":0,"parent":0,"menu_order":0,"comment_status":"closed","ping_status":"closed","template":"elementor_header_footer","meta":{"footnotes":""},"class_list":["post-2687","page","type-page","status-publish","hentry"],"_links":{"self":[{"href":"https:\/\/www.hinnenhof.ch\/index.php\/wp-json\/wp\/v2\/pages\/2687","targetHints":{"allow":["GET"]}}],"collection":[{"href":"https:\/\/www.hinnenhof.ch\/index.php\/wp-json\/wp\/v2\/pages"}],"about":[{"href":"https:\/\/www.hinnenhof.ch\/index.php\/wp-json\/wp\/v2\/types\/page"}],"author":[{"embeddable":true,"href":"https:\/\/www.hinnenhof.ch\/index.php\/wp-json\/wp\/v2\/users\/1"}],"replies":[{"embeddable":true,"href":"https:\/\/www.hinnenhof.ch\/index.php\/wp-json\/wp\/v2\/comments?post=2687"}],"version-history":[{"count":22,"href":"https:\/\/www.hinnenhof.ch\/index.php\/wp-json\/wp\/v2\/pages\/2687\/revisions"}],"predecessor-version":[{"id":2877,"href":"https:\/\/www.hinnenhof.ch\/index.php\/wp-json\/wp\/v2\/pages\/2687\/revisions\/2877"}],"wp:attachment":[{"href":"https:\/\/www.hinnenhof.ch\/index.php\/wp-json\/wp\/v2\/media?parent=2687"}],"curies":[{"name":"wp","href":"https:\/\/api.w.org\/{rel}","templated":true}]}}