{"id":38,"date":"2022-04-27T11:43:40","date_gmt":"2022-04-27T09:43:40","guid":{"rendered":"https:\/\/test.hinnenhof.ch\/?page_id=38"},"modified":"2026-02-08T21:50:59","modified_gmt":"2026-02-08T20:50:59","slug":"wc-wagen","status":"publish","type":"page","link":"https:\/\/www.hinnenhof.ch\/index.php\/wc-wagen\/","title":{"rendered":"WC-WAGEN"},"content":{"rendered":"\t\t<div data-elementor-type=\"wp-page\" data-elementor-id=\"38\" class=\"elementor elementor-38\" data-elementor-post-type=\"page\">\n\t\t\t\t\t\t<section class=\"elementor-section elementor-top-section elementor-element elementor-element-4e23c27 elementor-section-boxed elementor-section-height-default elementor-section-height-default\" data-id=\"4e23c27\" data-element_type=\"section\" data-e-type=\"section\">\n\t\t\t\t\t\t<div class=\"elementor-container elementor-column-gap-default\">\n\t\t\t\t\t<div class=\"elementor-column elementor-col-100 elementor-top-column elementor-element elementor-element-2adf02d\" data-id=\"2adf02d\" data-element_type=\"column\" data-e-type=\"column\">\n\t\t\t<div class=\"elementor-widget-wrap elementor-element-populated\">\n\t\t\t\t\t\t<div class=\"elementor-element elementor-element-239d3c1 elementor-widget elementor-widget-spacer\" data-id=\"239d3c1\" data-element_type=\"widget\" data-e-type=\"widget\" data-widget_type=\"spacer.default\">\n\t\t\t\t<div class=\"elementor-widget-container\">\n\t\t\t\t\t\t\t<div class=\"elementor-spacer\">\n\t\t\t<div class=\"elementor-spacer-inner\"><\/div>\n\t\t<\/div>\n\t\t\t\t\t\t<\/div>\n\t\t\t\t<\/div>\n\t\t\t\t\t<\/div>\n\t\t<\/div>\n\t\t\t\t\t<\/div>\n\t\t<\/section>\n\t\t\t\t<section class=\"elementor-section elementor-top-section elementor-element elementor-element-392ae5e elementor-section-boxed elementor-section-height-default elementor-section-height-default\" data-id=\"392ae5e\" data-element_type=\"section\" data-e-type=\"section\">\n\t\t\t\t\t\t<div class=\"elementor-container elementor-column-gap-default\">\n\t\t\t\t\t<div class=\"elementor-column elementor-col-100 elementor-top-column elementor-element elementor-element-242655f\" data-id=\"242655f\" data-element_type=\"column\" data-e-type=\"column\">\n\t\t\t<div class=\"elementor-widget-wrap elementor-element-populated\">\n\t\t\t\t\t\t<div class=\"elementor-element elementor-element-2db9ce6 elementor-hidden-mobile elementor-widget elementor-widget-heading\" data-id=\"2db9ce6\" data-element_type=\"widget\" data-e-type=\"widget\" data-widget_type=\"heading.default\">\n\t\t\t\t<div class=\"elementor-widget-container\">\n\t\t\t\t\t<h2 class=\"elementor-heading-title elementor-size-default\">WC-WAGEN<\/h2>\t\t\t\t<\/div>\n\t\t\t\t<\/div>\n\t\t\t\t\t<\/div>\n\t\t<\/div>\n\t\t\t\t\t<\/div>\n\t\t<\/section>\n\t\t\t\t<section class=\"elementor-section elementor-top-section elementor-element elementor-element-d856a54 elementor-section-boxed elementor-section-height-default elementor-section-height-default\" data-id=\"d856a54\" data-element_type=\"section\" data-e-type=\"section\">\n\t\t\t\t\t\t<div class=\"elementor-container elementor-column-gap-default\">\n\t\t\t\t\t<div class=\"elementor-column elementor-col-100 elementor-top-column elementor-element elementor-element-4923598\" data-id=\"4923598\" data-element_type=\"column\" data-e-type=\"column\">\n\t\t\t<div class=\"elementor-widget-wrap elementor-element-populated\">\n\t\t\t\t\t\t<div class=\"elementor-element elementor-element-7cbfbf1 elementor-hidden-desktop elementor-hidden-tablet elementor-widget elementor-widget-heading\" data-id=\"7cbfbf1\" data-element_type=\"widget\" data-e-type=\"widget\" data-widget_type=\"heading.default\">\n\t\t\t\t<div class=\"elementor-widget-container\">\n\t\t\t\t\t<h2 class=\"elementor-heading-title elementor-size-default\">WC-WAGEN<\/h2>\t\t\t\t<\/div>\n\t\t\t\t<\/div>\n\t\t\t\t<div class=\"elementor-element elementor-element-244ca36 elementor-widget-divider--separator-type-pattern elementor-widget-divider--no-spacing elementor-widget-divider--view-line elementor-widget elementor-widget-divider\" data-id=\"244ca36\" data-element_type=\"widget\" data-e-type=\"widget\" data-widget_type=\"divider.default\">\n\t\t\t\t<div class=\"elementor-widget-container\">\n\t\t\t\t\t\t\t<div class=\"elementor-divider\" style=\"--divider-pattern-url: url(&quot;data:image\/svg+xml,%3Csvg xmlns=&#039;http:\/\/www.w3.org\/2000\/svg&#039; preserveAspectRatio=&#039;xMidYMid meet&#039; overflow=&#039;visible&#039; height=&#039;100%&#039; viewBox=&#039;0 0 126 26&#039; fill=&#039;black&#039; stroke=&#039;none&#039;%3E%3Cpath d=&#039;M3,10.2c2.6,0,2.6,2,2.6,3.2S4.4,16.5,3,16.5s-3-1.4-3-3.2S0.4,10.2,3,10.2z M18.8,10.2c1.7,0,3.2,1.4,3.2,3.2s-1.4,3.2-3.2,3.2c-1.7,0-3.2-1.4-3.2-3.2S17,10.2,18.8,10.2z M34.6,10.2c1.5,0,2.6,1.4,2.6,3.2s-0.5,3.2-1.9,3.2c-1.5,0-3.4-1.4-3.4-3.2S33.1,10.2,34.6,10.2z M50.5,10.2c1.7,0,3.2,1.4,3.2,3.2s-1.4,3.2-3.2,3.2c-1.7,0-3.3-0.9-3.3-2.6S48.7,10.2,50.5,10.2z M66.2,10.2c1.5,0,3.4,1.4,3.4,3.2s-1.9,3.2-3.4,3.2c-1.5,0-2.6-0.4-2.6-2.1S64.8,10.2,66.2,10.2z M82.2,10.2c1.7,0.8,2.6,1.4,2.6,3.2s-0.1,3.2-1.6,3.2c-1.5,0-3.7-1.4-3.7-3.2S80.5,9.4,82.2,10.2zM98.6,10.2c1.5,0,2.6,0.4,2.6,2.1s-1.2,4.2-2.6,4.2c-1.5,0-3.7-0.4-3.7-2.1S97.1,10.2,98.6,10.2z M113.4,10.2c1.2,0,2.2,0.9,2.2,3.2s-0.1,3.2-1.3,3.2s-3.1-1.4-3.1-3.2S112.2,10.2,113.4,10.2z&#039;\/%3E%3C\/svg%3E&quot;);\">\n\t\t\t<span class=\"elementor-divider-separator\">\n\t\t\t\t\t\t<\/span>\n\t\t<\/div>\n\t\t\t\t\t\t<\/div>\n\t\t\t\t<\/div>\n\t\t\t\t\t<\/div>\n\t\t<\/div>\n\t\t\t\t\t<\/div>\n\t\t<\/section>\n\t\t\t\t<section class=\"elementor-section elementor-top-section elementor-element elementor-element-f602763 elementor-hidden-desktop elementor-hidden-tablet elementor-hidden-mobile elementor-section-boxed elementor-section-height-default elementor-section-height-default\" data-id=\"f602763\" data-element_type=\"section\" data-e-type=\"section\" data-settings=\"{&quot;background_background&quot;:&quot;slideshow&quot;,&quot;background_slideshow_slide_duration&quot;:5006,&quot;background_slideshow_transition_duration&quot;:514,&quot;background_slideshow_gallery&quot;:[{&quot;id&quot;:1094,&quot;url&quot;:&quot;https:\\\/\\\/www.hinnenhof.ch\\\/wp-content\\\/uploads\\\/2022\\\/10\\\/FBR_0305-Kopie.jpg&quot;},{&quot;id&quot;:1097,&quot;url&quot;:&quot;https:\\\/\\\/www.hinnenhof.ch\\\/wp-content\\\/uploads\\\/2022\\\/10\\\/FBR_0303-Kopie-2.jpg&quot;}],&quot;background_slideshow_loop&quot;:&quot;yes&quot;,&quot;background_slideshow_slide_transition&quot;:&quot;fade&quot;}\">\n\t\t\t\t\t\t<div class=\"elementor-container elementor-column-gap-default\">\n\t\t\t\t\t<div class=\"elementor-column elementor-col-100 elementor-top-column elementor-element elementor-element-b64a917\" data-id=\"b64a917\" data-element_type=\"column\" data-e-type=\"column\">\n\t\t\t<div class=\"elementor-widget-wrap\">\n\t\t\t\t\t\t\t<\/div>\n\t\t<\/div>\n\t\t\t\t\t<\/div>\n\t\t<\/section>\n\t\t\t\t<section class=\"elementor-section elementor-top-section elementor-element elementor-element-7a1f3f8a elementor-section-content-middle elementor-hidden-tablet elementor-hidden-mobile elementor-section-boxed elementor-section-height-default elementor-section-height-default\" data-id=\"7a1f3f8a\" data-element_type=\"section\" data-e-type=\"section\">\n\t\t\t\t\t\t<div class=\"elementor-container elementor-column-gap-no\">\n\t\t\t\t\t<div class=\"elementor-column elementor-col-100 elementor-top-column elementor-element elementor-element-5f69503\" data-id=\"5f69503\" data-element_type=\"column\" data-e-type=\"column\">\n\t\t\t<div class=\"elementor-widget-wrap elementor-element-populated\">\n\t\t\t\t\t\t<div class=\"elementor-element elementor-element-ef1f680 elementor-hidden-mobile elementor-widget elementor-widget-text-editor\" data-id=\"ef1f680\" data-element_type=\"widget\" data-e-type=\"widget\" data-widget_type=\"text-editor.default\">\n\t\t\t\t<div class=\"elementor-widget-container\">\n\t\t\t\t\t\t\t\t\t<p style=\"text-align: left;\">Ob f\u00fcr eine private Veranstaltung, f\u00fcr ein Dorffest oder f\u00fcr eine Baustelle &#8211; wir vermieten Ihnen gerne unsere WC-Wagen zu einem fairen Preis.\u00a0Also z\u00f6gern Sie nicht, uns zu kontaktieren.<\/p><p style=\"text-align: left;\">Der Hinnenhof verf\u00fcgt \u00fcber zwei einwandfreie WC-Wagen auf R\u00e4dern, die sowohl mit einer Damen- als auch mit einer Herrentoilette ausgestattet sind.<\/p><p style=\"text-align: left;\">Untenstehend finden Sie unsere Miettarife:<\/p>\t\t\t\t\t\t\t\t<\/div>\n\t\t\t\t<\/div>\n\t\t\t\t<section class=\"elementor-section elementor-inner-section elementor-element elementor-element-35942ad3 elementor-section-boxed elementor-section-height-default elementor-section-height-default\" data-id=\"35942ad3\" data-element_type=\"section\" data-e-type=\"section\">\n\t\t\t\t\t\t<div class=\"elementor-container elementor-column-gap-default\">\n\t\t\t\t\t<div class=\"elementor-column elementor-col-50 elementor-inner-column elementor-element elementor-element-761aebe9\" data-id=\"761aebe9\" data-element_type=\"column\" data-e-type=\"column\">\n\t\t\t<div class=\"elementor-widget-wrap elementor-element-populated\">\n\t\t\t\t\t\t<div class=\"elementor-element elementor-element-a1f3ac6 elementor-widget elementor-widget-text-editor\" data-id=\"a1f3ac6\" data-element_type=\"widget\" data-e-type=\"widget\" data-widget_type=\"text-editor.default\">\n\t\t\t\t<div class=\"elementor-widget-container\">\n\t\t\t\t\t\t\t\t\t<p>WC- Wagen klein\u00a0\u00a0\u00a0\u00a0\u00a0\u00a0\u00a0\u00a0\u00a0\u00a0\u00a0\u00a0\u00a0\u00a0\u00a0\u00a0\u00a0\u00a0\u00a0\u00a0\u00a0\u00a0\u00a0\u00a0\u00a0\u00a0\u00a0\u00a0\u00a0\u00a0\u00a0\u00a0\u00a0\u00a0\u00a0\u00a0\u00a0\u00a0\u00a0\u00a0\u00a0\u00a0\u00a0\u00a0\u00a0\u00a0\u00a0\u00a0\u00a0\u00a0\u00a0\u00a0\u00a0\u00a0\u00a0\u00a0\u00a0\u00a0\u00a0\u00a0\u00a0\u00a0\u00a0\u00a0\u00a0\u00a0\u00a0\u00a0\u00a0\u00a0\u00a0\u00a0 <\/p><p style=\"text-align: left;\">WC- Wagen gross\u00a0 \u00a0 \u00a0 \u00a0 \u00a0 \u00a0 \u00a0 \u00a0 \u00a0 \u00a0 \u00a0 \u00a0 \u00a0 \u00a0 \u00a0 \u00a0 \u00a0 \u00a0 \u00a0 \u00a0 \u00a0 \u00a0 \u00a0 \u00a0 \u00a0 \u00a0 \u00a0 \u00a0 \u00a0 \u00a0 \u00a0 \u00a0 \u00a0 \u00a0 \u00a0 \u00a0\u00a0 <\/p><p style=\"text-align: left;\">Transport\/Installation\u00a0 \u00a0 \u00a0 \u00a0 \u00a0 \u00a0 \u00a0 \u00a0 \u00a0 \u00a0 \u00a0 \u00a0 \u00a0 \u00a0 \u00a0 \u00a0 \u00a0 \u00a0 \u00a0 \u00a0 \u00a0 \u00a0 \u00a0 \u00a0 \u00a0 \u00a0 \u00a0 \u00a0 \u00a0 \u00a0 \u00a0 \u00a0\u00a0 <\/p><p style=\"text-align: left;\">Endreinigung\u00a0 \u00a0 \u00a0 \u00a0 \u00a0 \u00a0 \u00a0 \u00a0 \u00a0 \u00a0 \u00a0 \u00a0 \u00a0 \u00a0 \u00a0 \u00a0 \u00a0 \u00a0 \u00a0 \u00a0 \u00a0 \u00a0 \u00a0 \u00a0 \u00a0 \u00a0 \u00a0 \u00a0 \u00a0 \u00a0 \u00a0 \u00a0 \u00a0 \u00a0 \u00a0 \u00a0 \u00a0 \u00a0 \u00a0 \u00a0\u00a0 <\/p><p>Auff\u00fcllung der WC- Materialien w\u00e4hrend Mietdauer\u00a0 \u00a0 \u00a0<\/p>\t\t\t\t\t\t\t\t<\/div>\n\t\t\t\t<\/div>\n\t\t\t\t\t<\/div>\n\t\t<\/div>\n\t\t\t\t<div class=\"elementor-column elementor-col-50 elementor-inner-column elementor-element elementor-element-43c1d1c\" data-id=\"43c1d1c\" data-element_type=\"column\" data-e-type=\"column\">\n\t\t\t<div class=\"elementor-widget-wrap elementor-element-populated\">\n\t\t\t\t\t\t<div class=\"elementor-element elementor-element-49d294f elementor-widget elementor-widget-text-editor\" data-id=\"49d294f\" data-element_type=\"widget\" data-e-type=\"widget\" data-widget_type=\"text-editor.default\">\n\t\t\t\t<div class=\"elementor-widget-container\">\n\t\t\t\t\t\t\t\t\t<p>Fr. 200.00\/Tag<\/p><p>Fr. 250.00\/ Tag<\/p><p style=\"text-align: left;\">Fr. 150.00<\/p><p style=\"text-align: left;\">Fr. 150.00<\/p><p style=\"text-align: left;\">Fr. 50.00\/ Stunde<\/p>\t\t\t\t\t\t\t\t<\/div>\n\t\t\t\t<\/div>\n\t\t\t\t\t<\/div>\n\t\t<\/div>\n\t\t\t\t\t<\/div>\n\t\t<\/section>\n\t\t\t\t\t<\/div>\n\t\t<\/div>\n\t\t\t\t\t<\/div>\n\t\t<\/section>\n\t\t\t\t<section class=\"elementor-section elementor-top-section elementor-element elementor-element-2b2646a elementor-section-boxed elementor-section-height-default elementor-section-height-default\" data-id=\"2b2646a\" data-element_type=\"section\" data-e-type=\"section\">\n\t\t\t\t\t\t<div class=\"elementor-container elementor-column-gap-default\">\n\t\t\t\t\t<div class=\"elementor-column elementor-col-100 elementor-top-column elementor-element elementor-element-afacfe2\" data-id=\"afacfe2\" data-element_type=\"column\" data-e-type=\"column\">\n\t\t\t<div class=\"elementor-widget-wrap elementor-element-populated\">\n\t\t\t\t\t\t<div class=\"elementor-element elementor-element-47c134d elementor-hidden-desktop elementor-widget elementor-widget-text-editor\" data-id=\"47c134d\" data-element_type=\"widget\" data-e-type=\"widget\" data-widget_type=\"text-editor.default\">\n\t\t\t\t<div class=\"elementor-widget-container\">\n\t\t\t\t\t\t\t\t\t<p>Ob f\u00fcr eine private Veranstaltung, f\u00fcr ein Dorffest oder f\u00fcr eine Baustelle &#8211; wir vermieten Ihnen gerne unsere WC-Wagen zu einem fairen Preis. Also z\u00f6gern Sie nicht, uns zu kontaktieren.<\/p><p>Der Hinnenhof verf\u00fcgt \u00fcber zwei einwandfreie WC-Wagen auf R\u00e4dern, die sowohl mit einer Damen- als auch mit einer Herrentoilette ausgestattet sind.<\/p><p>Untenstehend finden Sie unsere Miettarife:<\/p><p style=\"margin: 0cm; margin-bottom: .0001pt;\"><span style=\"font-size: 10.5pt; font-family: 'Arial','sans-serif';\">WC- Wagen klein<\/span><\/p><p style=\"margin: 0cm; margin-bottom: .0001pt;\"><span style=\"font-size: 10.5pt; font-family: 'Arial','sans-serif';\">Fr. 200.00\/Tag<\/span><\/p><p style=\"margin: 0cm; margin-bottom: .0001pt;\"><span style=\"font-size: 10.5pt; font-family: 'Arial','sans-serif';\">\u00a0<\/span><\/p><p style=\"margin: 0cm; margin-bottom: .0001pt;\"><span style=\"font-size: 10.5pt; font-family: 'Arial','sans-serif';\">WC- Wagen gross<\/span><\/p><p style=\"margin: 0cm; margin-bottom: .0001pt;\"><span style=\"font-size: 10.5pt; font-family: 'Arial','sans-serif';\">Fr. 250.00\/ Tag<\/span><\/p><p style=\"margin: 0cm; margin-bottom: .0001pt;\"><span style=\"font-size: 10.5pt; font-family: 'Arial','sans-serif';\">\u00a0<\/span><\/p><p style=\"margin: 0cm; margin-bottom: .0001pt;\"><span style=\"font-size: 10.5pt; font-family: 'Arial','sans-serif';\">Transport\/Installation<\/span><\/p><p style=\"margin: 0cm; margin-bottom: .0001pt;\"><span style=\"font-size: 10.5pt; font-family: 'Arial','sans-serif';\">Fr. 150.00<\/span><\/p><p style=\"margin: 0cm; margin-bottom: .0001pt;\"><span style=\"font-size: 10.5pt; font-family: 'Arial','sans-serif';\">\u00a0<\/span><\/p><p style=\"margin: 0cm; margin-bottom: .0001pt;\"><span style=\"font-size: 10.5pt; font-family: 'Arial','sans-serif';\">Endreinigung<\/span><\/p><p style=\"margin: 0cm; margin-bottom: .0001pt;\"><span style=\"font-size: 10.5pt; font-family: 'Arial','sans-serif';\">Fr. 150.00<\/span><\/p><p style=\"margin: 0cm; margin-bottom: .0001pt;\"><span style=\"font-size: 10.5pt; font-family: 'Arial','sans-serif';\">\u00a0<\/span><\/p><p style=\"margin: 0cm; margin-bottom: .0001pt;\"><span style=\"font-size: 10.5pt; font-family: 'Arial','sans-serif';\">Auff\u00fcllung der WC-Materialien &#8211; w\u00e4hrend Mietdauer<\/span><\/p><p style=\"margin: 0cm; margin-bottom: .0001pt;\"><span style=\"font-size: 10.5pt; font-family: 'Arial','sans-serif';\">Fr. 50.00\/ Stunde<\/span><\/p>\t\t\t\t\t\t\t\t<\/div>\n\t\t\t\t<\/div>\n\t\t\t\t\t<\/div>\n\t\t<\/div>\n\t\t\t\t\t<\/div>\n\t\t<\/section>\n\t\t\t\t<section class=\"elementor-section elementor-top-section elementor-element elementor-element-b672435 elementor-hidden-mobile elementor-hidden-tablet elementor-section-boxed elementor-section-height-default elementor-section-height-default\" data-id=\"b672435\" data-element_type=\"section\" data-e-type=\"section\" data-settings=\"{&quot;background_background&quot;:&quot;slideshow&quot;,&quot;background_slideshow_slide_duration&quot;:5006,&quot;background_slideshow_transition_duration&quot;:514,&quot;background_slideshow_gallery&quot;:[{&quot;id&quot;:1094,&quot;url&quot;:&quot;https:\\\/\\\/www.hinnenhof.ch\\\/wp-content\\\/uploads\\\/2022\\\/10\\\/FBR_0305-Kopie.jpg&quot;},{&quot;id&quot;:1097,&quot;url&quot;:&quot;https:\\\/\\\/www.hinnenhof.ch\\\/wp-content\\\/uploads\\\/2022\\\/10\\\/FBR_0303-Kopie-2.jpg&quot;}],&quot;background_slideshow_loop&quot;:&quot;yes&quot;,&quot;background_slideshow_slide_transition&quot;:&quot;fade&quot;}\">\n\t\t\t\t\t\t<div class=\"elementor-container elementor-column-gap-default\">\n\t\t\t\t\t<div class=\"elementor-column elementor-col-100 elementor-top-column elementor-element elementor-element-5305560\" data-id=\"5305560\" data-element_type=\"column\" data-e-type=\"column\">\n\t\t\t<div class=\"elementor-widget-wrap\">\n\t\t\t\t\t\t\t<\/div>\n\t\t<\/div>\n\t\t\t\t\t<\/div>\n\t\t<\/section>\n\t\t\t\t<section class=\"elementor-section elementor-top-section elementor-element elementor-element-7d14fb3 elementor-hidden-mobile elementor-section-full_width elementor-section-height-min-height elementor-hidden-desktop elementor-section-height-default elementor-section-items-middle\" data-id=\"7d14fb3\" data-element_type=\"section\" data-e-type=\"section\" data-settings=\"{&quot;background_background&quot;:&quot;slideshow&quot;,&quot;background_slideshow_slide_duration&quot;:5006,&quot;background_slideshow_transition_duration&quot;:514,&quot;background_slideshow_gallery&quot;:[{&quot;id&quot;:1094,&quot;url&quot;:&quot;https:\\\/\\\/www.hinnenhof.ch\\\/wp-content\\\/uploads\\\/2022\\\/10\\\/FBR_0305-Kopie.jpg&quot;},{&quot;id&quot;:1097,&quot;url&quot;:&quot;https:\\\/\\\/www.hinnenhof.ch\\\/wp-content\\\/uploads\\\/2022\\\/10\\\/FBR_0303-Kopie-2.jpg&quot;}],&quot;background_slideshow_loop&quot;:&quot;yes&quot;,&quot;background_slideshow_slide_transition&quot;:&quot;fade&quot;}\">\n\t\t\t\t\t\t<div class=\"elementor-container elementor-column-gap-default\">\n\t\t\t\t\t<div class=\"elementor-column elementor-col-100 elementor-top-column elementor-element elementor-element-ddce6c2\" data-id=\"ddce6c2\" data-element_type=\"column\" data-e-type=\"column\">\n\t\t\t<div class=\"elementor-widget-wrap\">\n\t\t\t\t\t\t\t<\/div>\n\t\t<\/div>\n\t\t\t\t\t<\/div>\n\t\t<\/section>\n\t\t\t\t<section class=\"elementor-section elementor-top-section elementor-element elementor-element-bac1615 elementor-section-full_width elementor-section-height-min-height elementor-hidden-desktop elementor-hidden-tablet elementor-section-height-default elementor-section-items-middle\" data-id=\"bac1615\" data-element_type=\"section\" data-e-type=\"section\" data-settings=\"{&quot;background_background&quot;:&quot;slideshow&quot;,&quot;background_slideshow_slide_duration&quot;:5006,&quot;background_slideshow_transition_duration&quot;:514,&quot;background_slideshow_gallery&quot;:[{&quot;id&quot;:1094,&quot;url&quot;:&quot;https:\\\/\\\/www.hinnenhof.ch\\\/wp-content\\\/uploads\\\/2022\\\/10\\\/FBR_0305-Kopie.jpg&quot;},{&quot;id&quot;:1097,&quot;url&quot;:&quot;https:\\\/\\\/www.hinnenhof.ch\\\/wp-content\\\/uploads\\\/2022\\\/10\\\/FBR_0303-Kopie-2.jpg&quot;}],&quot;background_slideshow_loop&quot;:&quot;yes&quot;,&quot;background_slideshow_slide_transition&quot;:&quot;fade&quot;}\">\n\t\t\t\t\t\t<div class=\"elementor-container elementor-column-gap-default\">\n\t\t\t\t\t<div class=\"elementor-column elementor-col-100 elementor-top-column elementor-element elementor-element-9bf5cde\" data-id=\"9bf5cde\" data-element_type=\"column\" data-e-type=\"column\">\n\t\t\t<div class=\"elementor-widget-wrap\">\n\t\t\t\t\t\t\t<\/div>\n\t\t<\/div>\n\t\t\t\t\t<\/div>\n\t\t<\/section>\n\t\t\t\t<section class=\"elementor-section elementor-top-section elementor-element elementor-element-116c1d5 elementor-section-boxed elementor-section-height-default elementor-section-height-default\" data-id=\"116c1d5\" data-element_type=\"section\" data-e-type=\"section\">\n\t\t\t\t\t\t<div class=\"elementor-container elementor-column-gap-default\">\n\t\t\t\t\t<div class=\"elementor-column elementor-col-100 elementor-top-column elementor-element elementor-element-ebf02db\" data-id=\"ebf02db\" data-element_type=\"column\" data-e-type=\"column\">\n\t\t\t<div class=\"elementor-widget-wrap\">\n\t\t\t\t\t\t\t<\/div>\n\t\t<\/div>\n\t\t\t\t\t<\/div>\n\t\t<\/section>\n\t\t\t\t<section class=\"elementor-section elementor-top-section elementor-element elementor-element-554c00e elementor-section-boxed elementor-section-height-default elementor-section-height-default\" data-id=\"554c00e\" data-element_type=\"section\" data-e-type=\"section\">\n\t\t\t\t\t\t<div class=\"elementor-container elementor-column-gap-default\">\n\t\t\t\t\t<div class=\"elementor-column elementor-col-100 elementor-top-column elementor-element elementor-element-f46a748\" data-id=\"f46a748\" data-element_type=\"column\" data-e-type=\"column\">\n\t\t\t<div class=\"elementor-widget-wrap elementor-element-populated\">\n\t\t\t\t\t\t<div class=\"elementor-element elementor-element-2ea5109 elementor-widget-divider--separator-type-pattern elementor-widget-divider--no-spacing elementor-widget-divider--view-line elementor-widget elementor-widget-divider\" data-id=\"2ea5109\" data-element_type=\"widget\" data-e-type=\"widget\" data-widget_type=\"divider.default\">\n\t\t\t\t<div class=\"elementor-widget-container\">\n\t\t\t\t\t\t\t<div class=\"elementor-divider\" style=\"--divider-pattern-url: url(&quot;data:image\/svg+xml,%3Csvg xmlns=&#039;http:\/\/www.w3.org\/2000\/svg&#039; preserveAspectRatio=&#039;xMidYMid meet&#039; overflow=&#039;visible&#039; height=&#039;100%&#039; viewBox=&#039;0 0 126 26&#039; fill=&#039;black&#039; stroke=&#039;none&#039;%3E%3Cpath d=&#039;M3,10.2c2.6,0,2.6,2,2.6,3.2S4.4,16.5,3,16.5s-3-1.4-3-3.2S0.4,10.2,3,10.2z M18.8,10.2c1.7,0,3.2,1.4,3.2,3.2s-1.4,3.2-3.2,3.2c-1.7,0-3.2-1.4-3.2-3.2S17,10.2,18.8,10.2z M34.6,10.2c1.5,0,2.6,1.4,2.6,3.2s-0.5,3.2-1.9,3.2c-1.5,0-3.4-1.4-3.4-3.2S33.1,10.2,34.6,10.2z M50.5,10.2c1.7,0,3.2,1.4,3.2,3.2s-1.4,3.2-3.2,3.2c-1.7,0-3.3-0.9-3.3-2.6S48.7,10.2,50.5,10.2z M66.2,10.2c1.5,0,3.4,1.4,3.4,3.2s-1.9,3.2-3.4,3.2c-1.5,0-2.6-0.4-2.6-2.1S64.8,10.2,66.2,10.2z M82.2,10.2c1.7,0.8,2.6,1.4,2.6,3.2s-0.1,3.2-1.6,3.2c-1.5,0-3.7-1.4-3.7-3.2S80.5,9.4,82.2,10.2zM98.6,10.2c1.5,0,2.6,0.4,2.6,2.1s-1.2,4.2-2.6,4.2c-1.5,0-3.7-0.4-3.7-2.1S97.1,10.2,98.6,10.2z M113.4,10.2c1.2,0,2.2,0.9,2.2,3.2s-0.1,3.2-1.3,3.2s-3.1-1.4-3.1-3.2S112.2,10.2,113.4,10.2z&#039;\/%3E%3C\/svg%3E&quot;);\">\n\t\t\t<span class=\"elementor-divider-separator\">\n\t\t\t\t\t\t<\/span>\n\t\t<\/div>\n\t\t\t\t\t\t<\/div>\n\t\t\t\t<\/div>\n\t\t\t\t\t<\/div>\n\t\t<\/div>\n\t\t\t\t\t<\/div>\n\t\t<\/section>\n\t\t\t\t<\/div>\n\t\t","protected":false},"excerpt":{"rendered":"<p>WC-WAGEN WC-WAGEN Ob f\u00fcr eine private Veranstaltung, f\u00fcr ein Dorffest oder f\u00fcr eine Baustelle &#8211; wir vermieten Ihnen gerne unsere WC-Wagen zu einem fairen Preis.\u00a0Also z\u00f6gern Sie nicht, uns zu kontaktieren. Der Hinnenhof verf\u00fcgt \u00fcber zwei einwandfreie WC-Wagen auf R\u00e4dern, die sowohl mit einer Damen- als auch mit einer Herrentoilette ausgestattet sind. Untenstehend finden Sie [&hellip;]<\/p>\n","protected":false},"author":1,"featured_media":0,"parent":0,"menu_order":0,"comment_status":"closed","ping_status":"closed","template":"elementor_header_footer","meta":{"footnotes":""},"class_list":["post-38","page","type-page","status-publish","hentry"],"_links":{"self":[{"href":"https:\/\/www.hinnenhof.ch\/index.php\/wp-json\/wp\/v2\/pages\/38","targetHints":{"allow":["GET"]}}],"collection":[{"href":"https:\/\/www.hinnenhof.ch\/index.php\/wp-json\/wp\/v2\/pages"}],"about":[{"href":"https:\/\/www.hinnenhof.ch\/index.php\/wp-json\/wp\/v2\/types\/page"}],"author":[{"embeddable":true,"href":"https:\/\/www.hinnenhof.ch\/index.php\/wp-json\/wp\/v2\/users\/1"}],"replies":[{"embeddable":true,"href":"https:\/\/www.hinnenhof.ch\/index.php\/wp-json\/wp\/v2\/comments?post=38"}],"version-history":[{"count":244,"href":"https:\/\/www.hinnenhof.ch\/index.php\/wp-json\/wp\/v2\/pages\/38\/revisions"}],"predecessor-version":[{"id":3004,"href":"https:\/\/www.hinnenhof.ch\/index.php\/wp-json\/wp\/v2\/pages\/38\/revisions\/3004"}],"wp:attachment":[{"href":"https:\/\/www.hinnenhof.ch\/index.php\/wp-json\/wp\/v2\/media?parent=38"}],"curies":[{"name":"wp","href":"https:\/\/api.w.org\/{rel}","templated":true}]}}